{"id":945,"date":"2021-06-06T15:16:24","date_gmt":"2021-06-06T14:16:24","guid":{"rendered":"https:\/\/aristokatt.ch\/?page_id=945"},"modified":"2021-09-18T14:01:45","modified_gmt":"2021-09-18T13:01:45","slug":"ueber-mich","status":"publish","type":"page","link":"https:\/\/pharistokatt.ch\/index.php\/ueber-mich\/","title":{"rendered":"\u00dcber mich"},"content":{"rendered":"\n<div class=\"wp-block-columns is-layout-flex wp-container-core-columns-is-layout-9d6595d7 wp-block-columns-is-layout-flex\">\n<div class=\"wp-block-column is-layout-flow wp-block-column-is-layout-flow\" style=\"flex-basis:100%\">\n<div class=\"wp-block-group\"><div class=\"wp-block-group__inner-container is-layout-flow wp-block-group-is-layout-flow\">\n<div class=\"wp-block-columns is-layout-flex wp-container-core-columns-is-layout-9d6595d7 wp-block-columns-is-layout-flex\">\n<div class=\"wp-block-column is-vertically-aligned-top is-layout-flow wp-block-column-is-layout-flow\">\n<p><strong>Sylvia Hausammann<\/strong><\/p>\n\n\n\n<p>Wir, das sind mein Mann und ich sowie die Zuchtk\u00e4tzin Balisha und Jungtier Hayette, geplant als Nachfolgerin, bewohnen ein Haus im Gr\u00fcnen in Seedorf, einer d\u00f6rflichen Gemeinde am Fusse des Frienisberg gelegen. Vom \u201eChutzenturm\u201c aus sieht man unser Haus.<br>Joya, die 1\/2 Norwegerin, der Z\u00fcndfunke, der die Begeisterung f\u00fcr die Norwegische Waldkatze entfachte, ist leider im Sommer 2021 t\u00f6dlich verungl\u00fcckt. Mit ihrem \u00fcberaus fr\u00f6hlichen H\u00fcpfern hatte sie uns so oft zum Schmunzeln gebracht. Wir vermissen sie sehr.<\/p>\n\n\n\n<p id=\"block-32cf5cf0-a1fa-4117-802b-c11f2290c230\">Es ist die Begeisterung und Liebe f\u00fcr diese sch\u00f6nen, edlen und uns Menschen so sehr zugewandte Katze<strong>n-r<\/strong>asse, die mich \u00fcberhaupt erst bewog, mich daf\u00fcr vertieft zu interessieren und <strong>sie<\/strong> zu z\u00fcchten. Dies mit der Absicht, die Eigenschaften dieser feinf\u00fchligen Gesch\u00f6pfe auch anderen Zuteil kommen zu lassen.<\/p>\n\n\n\n<p id=\"block-21150e6f-5b3e-4339-bbef-83297c9322f3\">Deshalb ist das Zuchtziel sowohl der Erhalt des Rassebildes wie auch die Auspr\u00e4gung der rassetypischen Charaktere.<\/p>\n<\/div>\n\n\n\n<div class=\"wp-block-column is-layout-flow wp-block-column-is-layout-flow\">\n<figure class=\"wp-block-gallery columns-1 is-cropped wp-block-gallery-1 is-layout-flex wp-block-gallery-is-layout-flex\"><ul class=\"blocks-gallery-grid\"><li class=\"blocks-gallery-item\"><figure><img loading=\"lazy\" decoding=\"async\" width=\"768\" height=\"1024\" src=\"https:\/\/pharistokatt.ch\/wp-content\/uploads\/2021\/06\/DSCN04151076-768x1024.jpg\" alt=\"\" data-id=\"894\" data-full-url=\"https:\/\/pharistokatt.ch\/wp-content\/uploads\/2021\/06\/DSCN04151076-scaled.jpg\" data-link=\"https:\/\/pharistokatt.ch\/index.php\/wurf-2020\/dscn04151076-2\/\" class=\"wp-image-894\" srcset=\"https:\/\/pharistokatt.ch\/wp-content\/uploads\/2021\/06\/DSCN04151076-768x1024.jpg 768w, https:\/\/pharistokatt.ch\/wp-content\/uploads\/2021\/06\/DSCN04151076-225x300.jpg 225w, https:\/\/pharistokatt.ch\/wp-content\/uploads\/2021\/06\/DSCN04151076-1152x1536.jpg 1152w, https:\/\/pharistokatt.ch\/wp-content\/uploads\/2021\/06\/DSCN04151076-1536x2048.jpg 1536w, https:\/\/pharistokatt.ch\/wp-content\/uploads\/2021\/06\/DSCN04151076-600x800.jpg 600w, https:\/\/pharistokatt.ch\/wp-content\/uploads\/2021\/06\/DSCN04151076-scaled.jpg 1920w\" sizes=\"auto, (max-width: 768px) 100vw, 768px\" \/><\/figure><\/li><\/ul><\/figure>\n<\/div>\n<\/div>\n\n\n\n<div class=\"wp-block-buttons is-content-justification-center is-layout-flex wp-block-buttons-is-layout-flex\">\n<div class=\"wp-block-button\"><a class=\"wp-block-button__link\" href=\"https:\/\/pharistokatt.ch\/index.php\/kontakt\/\">Kontakt<\/a><\/div>\n<\/div>\n<\/div><\/div>\n<\/div>\n<\/div>\n","protected":false},"excerpt":{"rendered":"<p>Sylvia Hausammann Wir, das sind mein Mann und ich sowie die Zuchtk\u00e4tzin Balisha und Jungtier Hayette, geplant als Nachfolgerin, bewohnen ein Haus im Gr\u00fcnen in Seedorf, einer d\u00f6rflichen Gemeinde am Fusse des Frienisberg gelegen. Vom \u201eChutzenturm\u201c aus sieht man unser Haus.Joya, die 1\/2 Norwegerin, der Z\u00fcndfunke, der die Begeisterung f\u00fcr die Norwegische Waldkatze entfachte, ist [&hellip;]<\/p>\n","protected":false},"author":1,"featured_media":0,"parent":0,"menu_order":0,"comment_status":"closed","ping_status":"closed","template":"","meta":{"footnotes":""},"class_list":["post-945","page","type-page","status-publish","hentry"],"_links":{"self":[{"href":"https:\/\/pharistokatt.ch\/index.php\/wp-json\/wp\/v2\/pages\/945","targetHints":{"allow":["GET"]}}],"collection":[{"href":"https:\/\/pharistokatt.ch\/index.php\/wp-json\/wp\/v2\/pages"}],"about":[{"href":"https:\/\/pharistokatt.ch\/index.php\/wp-json\/wp\/v2\/types\/page"}],"author":[{"embeddable":true,"href":"https:\/\/pharistokatt.ch\/index.php\/wp-json\/wp\/v2\/users\/1"}],"replies":[{"embeddable":true,"href":"https:\/\/pharistokatt.ch\/index.php\/wp-json\/wp\/v2\/comments?post=945"}],"version-history":[{"count":8,"href":"https:\/\/pharistokatt.ch\/index.php\/wp-json\/wp\/v2\/pages\/945\/revisions"}],"predecessor-version":[{"id":1103,"href":"https:\/\/pharistokatt.ch\/index.php\/wp-json\/wp\/v2\/pages\/945\/revisions\/1103"}],"wp:attachment":[{"href":"https:\/\/pharistokatt.ch\/index.php\/wp-json\/wp\/v2\/media?parent=945"}],"curies":[{"name":"wp","href":"https:\/\/api.w.org\/{rel}","templated":true}]}}