{"id":1402,"date":"2023-09-02T14:30:59","date_gmt":"2023-09-02T13:30:59","guid":{"rendered":"https:\/\/pharistokatt.ch\/?page_id=1402"},"modified":"2023-09-02T14:54:32","modified_gmt":"2023-09-02T13:54:32","slug":"datenschutzerklaerung","status":"publish","type":"page","link":"https:\/\/pharistokatt.ch\/index.php\/datenschutzerklaerung\/","title":{"rendered":"Datenschutzerkl\u00e4rung"},"content":{"rendered":"\n<h2 class=\"wp-block-heading\">Inhaltsverantwortung<\/h2>\n\n\n\n<p>Die Inhaltsverantwortung f\u00fcr die Erhebung, Verarbeitung und Nutzung Deiner personenbezogenen Daten auf der Website von &#8222;Pharistokatt&#8220; liegt bei:<\/p>\n\n\n\n<p>Sylvia Hausammann<br>Baggwilgraben 28<br>3267 Seedorf<\/p>\n\n\n\n<p>E-Mail:&nbsp;<a href=\"https:\/\/www.duovet.ch\/datenschutzbestimmungen#\">sylvia[at]pharistokatt.ch<\/a><\/p>\n\n\n\n<p>Tel.: +41 32 392 63 74<\/p>\n\n\n\n<p>Sofern Du der Erhebung, Verarbeitung oder Nutzung Deiner Daten durch uns nach Massgabe dieser Datenschutzbestimmungen insgesamt oder f\u00fcr einzelne Massnahmen widersprechen willst, kannst Du Deinen Widerspruch an den Verantwortlichen richten.<\/p>\n\n\n\n<h2 class=\"wp-block-heading\">Allgemeine Zwecke zur Verarbeitung von Daten<\/h2>\n\n\n\n<p>Gest\u00fctzt auf Artikel 13 der schweizerischen Bundesverfassung und die datenschutzrechtlichen Bestimmungen des Bundes (Datenschutzgesetz, DSG) hat jede Person Anspruch auf Schutz ihrer Privatsph\u00e4re sowie auf Schutz vor Missbrauch ihrer pers\u00f6nlichen Daten. Wir halten diese Bestimmungen ein. Pers\u00f6nliche Daten werden streng vertraulich behandelt und weder an Dritte verkauft noch weiter gegeben.<\/p>\n\n\n\n<p>In enger Zusammenarbeit mit unseren Hosting-Providern bem\u00fchen wir uns, die Datenbanken so gut wie m\u00f6glich vor fremden Zugriffen, Verlusten, Missbrauch oder vor F\u00e4lschung zu sch\u00fctzen.<\/p>\n\n\n\n<p>Beim Zugriff auf unsere Webseiten werden folgende Daten in Logfiles gespeichert: IP-Adresse, Datum, Uhrzeit, Browser-Anfrage und allg. \u00fcbertragene Informationen zum Betriebssystem resp. Browser. Diese Nutzungsdaten bilden die Basis f\u00fcr statistische, anonyme Auswertungen, so dass Trends erkennbar sind, anhand derer wir unsere Angebote entsprechend verbessern k\u00f6nnen.<\/p>\n\n\n\n<h2 class=\"wp-block-heading\">Kommentare<\/h2>\n\n\n\n<p>Wenn Besucher Kommentare auf der Website schreiben, sammeln wir die Daten, die im Kommentar-Formular angezeigt werden, au\u00dferdem die IP-Adresse des Besuchers und den User-Agent-String (damit wird der Browser identifiziert), um die Erkennung von Spam zu unterst\u00fctzen.<\/p>\n\n\n\n<p>Aus deiner E-Mail-Adresse kann eine anonymisierte Zeichenfolge erstellt (auch Hash genannt) und dem Gravatar-Dienst \u00fcbergeben werden, um zu pr\u00fcfen, ob du diesen benutzt. Die Datenschutzerkl\u00e4rung des Gravatar-Dienstes findest du hier: https:\/\/automattic.com\/privacy\/. Nachdem dein Kommentar freigegeben wurde, ist dein Profilbild \u00f6ffentlich im Kontext deines Kommentars sichtbar.<\/p>\n\n\n\n<h2 class=\"wp-block-heading\">Medien<\/h2>\n\n\n\n<p>Wenn du ein registrierter Benutzer bist und Fotos auf diese Website l\u00e4dst, solltest du vermeiden, Fotos mit einem EXIF-GPS-Standort hochzuladen. Besucher dieser Website k\u00f6nnten Fotos, die auf dieser Website gespeichert sind, herunterladen und deren Standort-Informationen extrahieren.<\/p>\n\n\n\n<h2 class=\"wp-block-heading\">Cookies<\/h2>\n\n\n\n<p>Wenn du einen Kommentar auf unserer Website schreibst, kann das eine Einwilligung sein, deinen Namen, E-Mail-Adresse und Website in Cookies zu speichern. Dies ist eine Komfortfunktion, damit du nicht, wenn du einen weiteren Kommentar schreibst, all diese Daten erneut eingeben musst. Diese Cookies werden ein Jahr lang gespeichert.<\/p>\n\n\n\n<p>Falls du ein Konto hast und dich auf dieser Website anmeldest, werden wir ein tempor\u00e4res Cookie setzen, um festzustellen, ob dein Browser Cookies akzeptiert. Dieses Cookie enth\u00e4lt keine personenbezogenen Daten und wird verworfen, wenn du deinen Browser schlie\u00dft.<\/p>\n\n\n\n<p>Wenn du dich anmeldest, werden wir einige Cookies einrichten, um deine Anmeldeinformationen und Anzeigeoptionen zu speichern. Anmelde-Cookies verfallen nach zwei Tagen und Cookies f\u00fcr die Anzeigeoptionen nach einem Jahr. Falls du bei der Anmeldung \u201eAngemeldet bleiben\u201c ausw\u00e4hlst, wird deine Anmeldung zwei Wochen lang aufrechterhalten. Mit der Abmeldung aus deinem Konto werden die Anmelde-Cookies gel\u00f6scht.<\/p>\n\n\n\n<p>Wenn du einen Artikel bearbeitest oder ver\u00f6ffentlichst, wird ein zus\u00e4tzlicher Cookie in deinem Browser gespeichert. Dieser Cookie enth\u00e4lt keine personenbezogenen Daten und verweist nur auf die Beitrags-ID des Artikels, den du gerade bearbeitet hast. Der Cookie verf\u00e4llt nach einem Tag.<\/p>\n\n\n\n<h2 class=\"wp-block-heading\">Eingebettete Inhalte von anderen Websites<\/h2>\n\n\n\n<p>Beitr\u00e4ge auf dieser Website k\u00f6nnen eingebettete Inhalte beinhalten (z.&nbsp;B. Videos, Bilder, Beitr\u00e4ge etc.). Eingebettete Inhalte von anderen Websites verhalten sich exakt so, als ob der Besucher die andere Website besucht h\u00e4tte.<\/p>\n\n\n\n<p>Diese Websites k\u00f6nnen Daten \u00fcber dich sammeln, Cookies benutzen, zus\u00e4tzliche Tracking-Dienste von Dritten einbetten und deine Interaktion mit diesem eingebetteten Inhalt aufzeichnen, inklusive deiner Interaktion mit dem eingebetteten Inhalt, falls du ein Konto hast und auf dieser Website angemeldet bist.<\/p>\n\n\n\n<h2 class=\"wp-block-heading\">Mit wem wir deine Daten teilen<\/h2>\n\n\n\n<p>Wenn du eine Zur\u00fccksetzung des Passworts beantragst, wird deine IP-Adresse in der E-Mail zur Zur\u00fccksetzung enthalten sein.<\/p>\n\n\n\n<h2 class=\"wp-block-heading\">Wie lange wir deine Daten speichern<\/h2>\n\n\n\n<p>Wenn du einen Kommentar schreibst, wird dieser inklusive Metadaten zeitlich unbegrenzt gespeichert. Auf diese Art k\u00f6nnen wir Folgekommentare automatisch erkennen und freigeben, anstatt sie in einer Moderations-Warteschlange festzuhalten.<\/p>\n\n\n\n<p>F\u00fcr Benutzer, die sich auf unserer Website registrieren, speichern wir zus\u00e4tzlich die pers\u00f6nlichen Informationen, die sie in ihren Benutzerprofilen angeben. Alle Benutzer k\u00f6nnen jederzeit ihre pers\u00f6nlichen Informationen einsehen, ver\u00e4ndern oder l\u00f6schen (der Benutzername kann nicht ver\u00e4ndert werden). Administratoren der Website k\u00f6nnen diese Informationen ebenfalls einsehen und ver\u00e4ndern.<\/p>\n\n\n\n<h2 class=\"wp-block-heading\">Welche Rechte du an deinen Daten hast<\/h2>\n\n\n\n<p>Wenn du ein Konto auf dieser Website besitzt oder Kommentare geschrieben hast, kannst du einen Export deiner personenbezogenen Daten bei uns anfordern, inklusive aller Daten, die du uns mitgeteilt hast. Dar\u00fcber hinaus kannst du die L\u00f6schung aller personenbezogenen Daten, die wir von dir gespeichert haben, anfordern. Dies umfasst nicht die Daten, die wir aufgrund administrativer, rechtlicher oder sicherheitsrelevanter Notwendigkeiten aufbewahren m\u00fcssen.<\/p>\n\n\n\n<h2 class=\"wp-block-heading\">Wohin deine Daten gesendet werden<\/h2>\n\n\n\n<p>Besucher-Kommentare k\u00f6nnten von einem automatisierten Dienst zur Spam-Erkennung untersucht werden.<\/p>\n\n\n\n<h2 class=\"wp-block-heading\">Urheberrecht auf Fotos<\/h2>\n\n\n\n<p>Das Kopieren und Wiederverwenden aller Fotos auf der Website von &#8222;Pharistokatt&#8220; ist ohne ausdr\u00fcckliche, schriftliche Erlaubnis untersagt.<\/p>\n\n\n\n<h2 class=\"wp-block-heading\">Akismet<\/h2>\n\n\n\n<p>Wir sammeln Informationen \u00fcber Besucher, die Kommentare auf Websites, die unseren Akismet Anti-Spam Service benutzen, hinterlassen. Das Ausmass an Informationen, die wir sammeln, h\u00e4ngt davon ab, wie der Benutzer seine Website eingestellt hat. Normalerweise beinhalten diese Daten die IP-Adresse des Benutzers, den User Agent, Referrer und Website-URL (sowie die Informationen, die der Benutzer direkt eingegeben hat wie z.B. Namen, Benutzernamen, E-Mail-Adresse und den Kommentar selbst).<\/p>\n\n\n\n<h3 class=\"wp-block-heading\">Auskunft unter:<\/h3>\n\n\n\n<p>eMail: sylvia[at]pharistokatt.ch<br>tel.: +41 32 392 63 74<\/p>\n","protected":false},"excerpt":{"rendered":"<p>Inhaltsverantwortung Die Inhaltsverantwortung f\u00fcr die Erhebung, Verarbeitung und Nutzung Deiner personenbezogenen Daten auf der Website von &#8222;Pharistokatt&#8220; liegt bei: Sylvia HausammannBaggwilgraben 283267 Seedorf E-Mail:&nbsp;sylvia[at]pharistokatt.ch Tel.: +41 32 392 63 74 Sofern Du der Erhebung, Verarbeitung oder Nutzung Deiner Daten durch uns nach Massgabe dieser Datenschutzbestimmungen insgesamt oder f\u00fcr einzelne Massnahmen widersprechen willst, kannst Du Deinen [&hellip;]<\/p>\n","protected":false},"author":1,"featured_media":0,"parent":0,"menu_order":0,"comment_status":"closed","ping_status":"closed","template":"","meta":{"footnotes":""},"class_list":["post-1402","page","type-page","status-publish","hentry"],"_links":{"self":[{"href":"https:\/\/pharistokatt.ch\/index.php\/wp-json\/wp\/v2\/pages\/1402","targetHints":{"allow":["GET"]}}],"collection":[{"href":"https:\/\/pharistokatt.ch\/index.php\/wp-json\/wp\/v2\/pages"}],"about":[{"href":"https:\/\/pharistokatt.ch\/index.php\/wp-json\/wp\/v2\/types\/page"}],"author":[{"embeddable":true,"href":"https:\/\/pharistokatt.ch\/index.php\/wp-json\/wp\/v2\/users\/1"}],"replies":[{"embeddable":true,"href":"https:\/\/pharistokatt.ch\/index.php\/wp-json\/wp\/v2\/comments?post=1402"}],"version-history":[{"count":5,"href":"https:\/\/pharistokatt.ch\/index.php\/wp-json\/wp\/v2\/pages\/1402\/revisions"}],"predecessor-version":[{"id":1693,"href":"https:\/\/pharistokatt.ch\/index.php\/wp-json\/wp\/v2\/pages\/1402\/revisions\/1693"}],"wp:attachment":[{"href":"https:\/\/pharistokatt.ch\/index.php\/wp-json\/wp\/v2\/media?parent=1402"}],"curies":[{"name":"wp","href":"https:\/\/api.w.org\/{rel}","templated":true}]}}