{"id":1107,"date":"2022-03-25T14:33:40","date_gmt":"2022-03-25T13:33:40","guid":{"rendered":"https:\/\/aristokatt.ch\/?page_id=1107"},"modified":"2025-03-17T09:40:55","modified_gmt":"2025-03-17T08:40:55","slug":"zuchtplaene","status":"publish","type":"page","link":"https:\/\/pharistokatt.ch\/index.php\/zuchtplaene\/","title":{"rendered":"Zuchtpl\u00e4ne"},"content":{"rendered":"\n<p>Die 7 Zw\u00e4rgli sind da, geboren am 27. Mai 2024. Wir sind nicht ganz \u00fcberrascht, Hayette war soooo kugelrund. Nun aber dankbar, dass alle (3 Katzenm\u00e4dchen und 4 Katerli) gesund und fleissig am Wachsen sind.<\/p>\n\n\n\n<div class=\"wp-block-columns has-medium-font-size is-layout-flex wp-container-core-columns-is-layout-9d6595d7 wp-block-columns-is-layout-flex\">\n<div class=\"wp-block-column has-medium-font-size is-layout-flow wp-block-column-is-layout-flow\" style=\"flex-basis:450px\">\n<figure class=\"wp-block-image size-large\"><img loading=\"lazy\" decoding=\"async\" width=\"1024\" height=\"771\" src=\"https:\/\/pharistokatt.ch\/wp-content\/uploads\/2024\/03\/Kira-1024x771.jpg\" alt=\"\" class=\"wp-image-1723\" srcset=\"https:\/\/pharistokatt.ch\/wp-content\/uploads\/2024\/03\/Kira-1024x771.jpg 1024w, https:\/\/pharistokatt.ch\/wp-content\/uploads\/2024\/03\/Kira-300x226.jpg 300w, https:\/\/pharistokatt.ch\/wp-content\/uploads\/2024\/03\/Kira-768x578.jpg 768w, https:\/\/pharistokatt.ch\/wp-content\/uploads\/2024\/03\/Kira-1536x1157.jpg 1536w, https:\/\/pharistokatt.ch\/wp-content\/uploads\/2024\/03\/Kira-2048x1542.jpg 2048w\" sizes=\"auto, (max-width: 1024px) 100vw, 1024px\" \/><figcaption class=\"wp-element-caption\"><strong>Hayette av Pharistokatt*CH geb. 2021<\/strong><\/figcaption><\/figure>\n<\/div>\n\n\n\n<div class=\"wp-block-column is-layout-flow wp-block-column-is-layout-flow\" style=\"flex-basis:450px\">\n<figure class=\"wp-block-image size-large\"><a href=\"https:\/\/pharistokatt.ch\/index.php\/zuchtplaene\/pxl_20240110_221521506\/\"><img decoding=\"async\" src=\"https:\/\/pharistokatt.ch\/wp-content\/uploads\/2022\/04\/IMG_20220314_101314-scaled.jpg\" alt=\"\" style=\"aspect-ratio:1.125;object-fit:cover\"\/><\/a><figcaption class=\"wp-element-caption\"><strong>Grand Filou av Josterdalsbreen*DE, geb. 2020<\/strong><\/figcaption><\/figure>\n<\/div>\n<\/div>\n\n\n\n<p><\/p>\n","protected":false},"excerpt":{"rendered":"<p>Die 7 Zw\u00e4rgli sind da, geboren am 27. Mai 2024. Wir sind nicht ganz \u00fcberrascht, Hayette war soooo kugelrund. Nun aber dankbar, dass alle (3 Katzenm\u00e4dchen und 4 Katerli) gesund und fleissig am Wachsen sind.<\/p>\n","protected":false},"author":1,"featured_media":0,"parent":0,"menu_order":0,"comment_status":"closed","ping_status":"closed","template":"","meta":{"footnotes":""},"class_list":["post-1107","page","type-page","status-publish","hentry"],"_links":{"self":[{"href":"https:\/\/pharistokatt.ch\/index.php\/wp-json\/wp\/v2\/pages\/1107","targetHints":{"allow":["GET"]}}],"collection":[{"href":"https:\/\/pharistokatt.ch\/index.php\/wp-json\/wp\/v2\/pages"}],"about":[{"href":"https:\/\/pharistokatt.ch\/index.php\/wp-json\/wp\/v2\/types\/page"}],"author":[{"embeddable":true,"href":"https:\/\/pharistokatt.ch\/index.php\/wp-json\/wp\/v2\/users\/1"}],"replies":[{"embeddable":true,"href":"https:\/\/pharistokatt.ch\/index.php\/wp-json\/wp\/v2\/comments?post=1107"}],"version-history":[{"count":80,"href":"https:\/\/pharistokatt.ch\/index.php\/wp-json\/wp\/v2\/pages\/1107\/revisions"}],"predecessor-version":[{"id":1902,"href":"https:\/\/pharistokatt.ch\/index.php\/wp-json\/wp\/v2\/pages\/1107\/revisions\/1902"}],"wp:attachment":[{"href":"https:\/\/pharistokatt.ch\/index.php\/wp-json\/wp\/v2\/media?parent=1107"}],"curies":[{"name":"wp","href":"https:\/\/api.w.org\/{rel}","templated":true}]}}